{"id":34,"date":"2022-05-05T16:07:23","date_gmt":"2022-05-05T19:07:23","guid":{"rendered":"http:\/\/aguaslindas.nucleo.site\/rh\/?page_id=34"},"modified":"2023-03-16T15:02:30","modified_gmt":"2023-03-16T18:02:30","slug":"editais-estagio-probatorio","status":"publish","type":"page","link":"https:\/\/aguaslindasdegoias.go.gov.br\/rh\/editais-estagio-probatorio\/","title":{"rendered":"Editais Estagio Probat\u00f3rio"},"content":{"rendered":"\n<div class=\"wp-block-buttons is-layout-flex wp-block-buttons-is-layout-flex\">\n<div class=\"wp-block-button has-custom-width wp-block-button__width-50 is-style-outline is-style-outline--1\"><a class=\"wp-block-button__link wp-element-button\" href=\"\/\/aguaslindasdegoias.go.gov.br\/wp-content\/uploads\/2023\/03\/RELATORIO-MENSAL-DO-ESTAGIO-PROBATORIO-MES.pdf\" style=\"border-radius:8px\" target=\"_blank\" rel=\"noreferrer noopener\">Relat\u00f3rio mensal do est\u00e1gio probat\u00f3rio<\/a><\/div>\n\n\n\n<div class=\"wp-block-button has-custom-width wp-block-button__width-50 is-style-outline is-style-outline--2\"><a class=\"wp-block-button__link wp-element-button\" href=\"https:\/\/aguaslindasdegoias.go.gov.br\/wp-content\/uploads\/2023\/03\/FORMULARIO-DE-AVALIACAO-PARCIAL-DE-ESTAGIO-PROBATORIO.pdf\" style=\"border-radius:8px\" target=\"_blank\" rel=\"noreferrer noopener\">Formul\u00e1rio de avalia\u00e7\u00e3o parcial de est\u00e1gio probat\u00f3rio<\/a><\/div>\n<\/div>\n\n\n\n<div class=\"wp-block-buttons is-layout-flex wp-block-buttons-is-layout-flex\">\n<div class=\"wp-block-button has-custom-width wp-block-button__width-50 is-style-outline is-style-outline--3\"><a class=\"wp-block-button__link wp-element-button\" href=\"https:\/\/acessoainformacao.aguaslindasdegoias.go.gov.br\/cidadao\/legislacao\/portaria\/id=145\" style=\"border-radius:8px\" target=\"_blank\" rel=\"noreferrer noopener\">Portaria n\u00ba 141\/2016 &#8211; Procedimentos, regras e cronogramas para avalia\u00e7\u00e3o<\/a><\/div>\n\n\n\n<div class=\"wp-block-button has-custom-width wp-block-button__width-50 is-style-outline is-style-outline--4\"><a class=\"wp-block-button__link wp-element-button\" href=\"https:\/\/acessoainformacao.aguaslindasdegoias.go.gov.br\/cidadao\/legislacao\/decreto\/id=146\" style=\"border-radius:8px\" target=\"_blank\" rel=\"noreferrer noopener\">Decreto n\u00ba 1.403\/2013 &#8211; Regulamenta\u00e7\u00e3o do processo de avalia\u00e7\u00e3o<\/a><\/div>\n<\/div>\n\n\n\n<p><\/p>\n","protected":false},"excerpt":{"rendered":"","protected":false},"author":1,"featured_media":0,"parent":0,"menu_order":0,"comment_status":"closed","ping_status":"closed","template":"page-templates\/page-for-content-title.php","meta":{"_acf_changed":false,"inline_featured_image":false,"footnotes":""},"class_list":["post-34","page","type-page","status-publish","hentry"],"acf":[],"_links":{"self":[{"href":"https:\/\/aguaslindasdegoias.go.gov.br\/rh\/wp-json\/wp\/v2\/pages\/34","targetHints":{"allow":["GET"]}}],"collection":[{"href":"https:\/\/aguaslindasdegoias.go.gov.br\/rh\/wp-json\/wp\/v2\/pages"}],"about":[{"href":"https:\/\/aguaslindasdegoias.go.gov.br\/rh\/wp-json\/wp\/v2\/types\/page"}],"author":[{"embeddable":true,"href":"https:\/\/aguaslindasdegoias.go.gov.br\/rh\/wp-json\/wp\/v2\/users\/1"}],"replies":[{"embeddable":true,"href":"https:\/\/aguaslindasdegoias.go.gov.br\/rh\/wp-json\/wp\/v2\/comments?post=34"}],"version-history":[{"count":4,"href":"https:\/\/aguaslindasdegoias.go.gov.br\/rh\/wp-json\/wp\/v2\/pages\/34\/revisions"}],"predecessor-version":[{"id":118,"href":"https:\/\/aguaslindasdegoias.go.gov.br\/rh\/wp-json\/wp\/v2\/pages\/34\/revisions\/118"}],"wp:attachment":[{"href":"https:\/\/aguaslindasdegoias.go.gov.br\/rh\/wp-json\/wp\/v2\/media?parent=34"}],"curies":[{"name":"wp","href":"https:\/\/api.w.org\/{rel}","templated":true}]}}