{"id":38,"date":"2022-05-05T16:23:30","date_gmt":"2022-05-05T19:23:30","guid":{"rendered":"http:\/\/aguaslindas.nucleo.site\/rh\/?page_id=38"},"modified":"2022-05-05T16:23:30","modified_gmt":"2022-05-05T19:23:30","slug":"ata-da-reuniao-da-comissao-de-reformulacao-do-plano-de-cargos-e-salarios-dos-servidores-publicos-de-aguas-lindas","status":"publish","type":"page","link":"https:\/\/aguaslindasdegoias.go.gov.br\/rh\/ata-da-reuniao-da-comissao-de-reformulacao-do-plano-de-cargos-e-salarios-dos-servidores-publicos-de-aguas-lindas\/","title":{"rendered":"ATA DA REUNI\u00c3O DA COMISS\u00c3O DE REFORMULA\u00c7\u00c3O DO PLANO DE CARGOS E SAL\u00c1RIOS DOS SERVIDORES P\u00daBLICOS DE \u00c1GUAS LINDAS"},"content":{"rendered":"\n<div class=\"wp-block-group\"><div class=\"wp-block-group__inner-container is-layout-flow wp-block-group-is-layout-flow\">\n<div class=\"wp-block-columns is-layout-flex wp-container-core-columns-is-layout-9d6595d7 wp-block-columns-is-layout-flex\">\n<div class=\"wp-block-column is-layout-flow wp-block-column-is-layout-flow\" style=\"flex-basis:100%\">\n<figure class=\"wp-block-table aligncenter is-style-regular\"><table><tbody><tr><td>ATA01<\/td><td>04 MAIO 2016 <\/td><td><a href=\"http:\/\/aguaslindas.nucleo.site\/rh\/wp-content\/uploads\/sites\/3\/2022\/05\/ATA-01-04-MAIO-2016.pdf\">Clique Aqui<\/a><\/td><\/tr><tr><td>ATA02<\/td><td>11 MAIO2016<\/td><td><a href=\"http:\/\/aguaslindas.nucleo.site\/rh\/wp-content\/uploads\/sites\/3\/2022\/05\/ATA-02-11-MAIO-2016.pdf\">Clique Aqui<\/a><\/td><\/tr><tr><td>ATA03<\/td><td>18 MAIO 2016<\/td><td><a href=\"http:\/\/aguaslindas.nucleo.site\/rh\/wp-content\/uploads\/sites\/3\/2022\/05\/ATA-03-18-MAIO-2016.pdf\">Clique Aqui<\/a><\/td><\/tr><tr><td>ATA04<\/td><td>01 JUNHO 2016<\/td><td><a href=\"http:\/\/aguaslindas.nucleo.site\/rh\/wp-content\/uploads\/sites\/3\/2022\/05\/ATA-04-01-JUNHO-2016.pdf\">Clique Aqui<\/a><\/td><\/tr><tr><td>ATA05<\/td><td>09 JUNHO 2016 <\/td><td><a href=\"http:\/\/aguaslindas.nucleo.site\/rh\/wp-content\/uploads\/sites\/3\/2022\/05\/ATA-05-09-JUNHO-2016.pdf\">Clique Aqui<\/a><\/td><\/tr><tr><td>ATA06<\/td><td>03 AGOSTO 2016 <\/td><td><a href=\"http:\/\/aguaslindas.nucleo.site\/rh\/wp-content\/uploads\/sites\/3\/2022\/05\/ATA-06-03-AGOSTO-2016.pdf\">Clique Aqui<\/a><\/td><\/tr><tr><td>ATA07<\/td><td>11 AGOSTO 2016 <\/td><td><a href=\"http:\/\/aguaslindas.nucleo.site\/rh\/wp-content\/uploads\/sites\/3\/2022\/05\/ATA-07-11-AGOSTO-2016.pdf\">Clique Aqui<\/a><\/td><\/tr><tr><td>ATA08<\/td><td>17 AGOSTO 2016 <\/td><td><a href=\"http:\/\/aguaslindas.nucleo.site\/rh\/wp-content\/uploads\/sites\/3\/2022\/05\/ATA-08-17-AGOSTO-2016.pdf\">Clique Aqui<\/a><\/td><\/tr><tr><td>ATA09<\/td><td>30 AGOSTO 2016 <\/td><td><a href=\"http:\/\/aguaslindas.nucleo.site\/rh\/wp-content\/uploads\/sites\/3\/2022\/05\/ATA-09-30-AGOSTO-2016.pdf\">Clique Aqui<\/a><\/td><\/tr><tr><td>ATA10<\/td><td>14 SETEMBRO 2016 <\/td><td><a href=\"http:\/\/aguaslindas.nucleo.site\/rh\/wp-content\/uploads\/sites\/3\/2022\/05\/ATA-10-14-SETEMBRO-2016.pdf\">Clique Aqui<\/a><\/td><\/tr><tr><td>ATA11<\/td><td>20 SETEMBRO 2016 <\/td><td><a href=\"http:\/\/aguaslindas.nucleo.site\/rh\/wp-content\/uploads\/sites\/3\/2022\/05\/ATA-11-20-SETEMBRO-2016.pdf\">Clique Aqui<\/a><\/td><\/tr><\/tbody><\/table><\/figure>\n<\/div>\n<\/div>\n<\/div><\/div>\n","protected":false},"excerpt":{"rendered":"<p>ATA01 04 MAIO 2016 Clique Aqui ATA02 11 MAIO2016 Clique Aqui ATA03 18 MAIO 2016 Clique Aqui ATA04 01 JUNHO 2016 Clique Aqui ATA05 09 JUNHO 2016 Clique Aqui ATA06 03 AGOSTO 2016 Clique Aqui ATA07 11 AGOSTO 2016 Clique Aqui ATA08 17 AGOSTO 2016 Clique Aqui ATA09 30 AGOSTO 2016 Clique Aqui ATA10 14 [&hellip;]<\/p>\n","protected":false},"author":1,"featured_media":0,"parent":0,"menu_order":0,"comment_status":"closed","ping_status":"closed","template":"page-templates\/page-for-content-title.php","meta":{"_acf_changed":false,"inline_featured_image":false,"footnotes":""},"class_list":["post-38","page","type-page","status-publish","hentry"],"acf":[],"_links":{"self":[{"href":"https:\/\/aguaslindasdegoias.go.gov.br\/rh\/wp-json\/wp\/v2\/pages\/38","targetHints":{"allow":["GET"]}}],"collection":[{"href":"https:\/\/aguaslindasdegoias.go.gov.br\/rh\/wp-json\/wp\/v2\/pages"}],"about":[{"href":"https:\/\/aguaslindasdegoias.go.gov.br\/rh\/wp-json\/wp\/v2\/types\/page"}],"author":[{"embeddable":true,"href":"https:\/\/aguaslindasdegoias.go.gov.br\/rh\/wp-json\/wp\/v2\/users\/1"}],"replies":[{"embeddable":true,"href":"https:\/\/aguaslindasdegoias.go.gov.br\/rh\/wp-json\/wp\/v2\/comments?post=38"}],"version-history":[{"count":5,"href":"https:\/\/aguaslindasdegoias.go.gov.br\/rh\/wp-json\/wp\/v2\/pages\/38\/revisions"}],"predecessor-version":[{"id":54,"href":"https:\/\/aguaslindasdegoias.go.gov.br\/rh\/wp-json\/wp\/v2\/pages\/38\/revisions\/54"}],"wp:attachment":[{"href":"https:\/\/aguaslindasdegoias.go.gov.br\/rh\/wp-json\/wp\/v2\/media?parent=38"}],"curies":[{"name":"wp","href":"https:\/\/api.w.org\/{rel}","templated":true}]}}